{"id":67630,"date":"2026-03-03T13:05:52","date_gmt":"2026-03-03T18:05:52","guid":{"rendered":"https:\/\/matelasdauphin.com\/?post_type=product&#038;p=67630"},"modified":"2026-03-11T08:12:12","modified_gmt":"2026-03-11T12:12:12","slug":"serenn-mattress-protector","status":"publish","type":"product","link":"https:\/\/matelasdauphin.com\/en\/produit\/serenn-mattress-protector\/","title":{"rendered":"S\u00ebr\u00ebnn Mattress Protector"},"content":{"rendered":"","protected":false},"excerpt":{"rendered":"<p data-start=\"40\" data-end=\"462\">The S\u00ebr\u00ebnn Mattress Protector, crafted from 100% certified organic cotton, combines luxury and discreet protection to transform every night into a true moment of well-being. Its soft, natural texture provides an enveloping sensation as soon as you lie down, creating a healthy and soothing environment. The carefully selected organic cotton ensures superior quality while respecting both your skin and the environment.<\/p>\n<ul>\n<li><strong data-start=\"464\" data-end=\"487\">100% Organic Cotton<\/strong><\/li>\n<li><strong data-start=\"490\" data-end=\"504\">Waterproof<\/strong><\/li>\n<li><strong>15-inch gusset<\/strong><\/li>\n<li><\/li>\n<\/ul>\n<p data-start=\"506\" data-end=\"947\">Its thin waterproof membrane, subtly integrated, elegantly protects against liquids while remaining breathable and silent. Unlike traditional protectors that are often stiff or noisy, this one goes completely unnoticed. It acts as an invisible barrier against everyday accidents, spills, or perspiration, preserving the freshness and longevity of your mattress. You benefit from effective protection without compromising comfort or softness.<\/p>\n<p data-start=\"949\" data-end=\"1322\">Featuring a 15-inch pocket depth, it fits your mattress perfectly, offering an unmatched sleep experience. Its tailored design ensures a secure fit, even after multiple nights of rest. It stays firmly in place, without wrinkles or slipping, providing consistent comfort. This precise fit accommodates a wide variety of mattresses and allows for quick and easy installation.<\/p>\n<p data-start=\"1324\" data-end=\"1791\" data-is-last-node=\"\" data-is-only-node=\"\">Designed to meet the expectations of the most discerning sleepers, the S\u00ebr\u00ebnn Mattress Protector combines durability, aesthetics, and performance. It helps maintain a clean, healthy, and welcoming sleep environment night after night. By choosing this product, you are investing in lasting comfort and valuable peace of mind. Every detail has been thoughtfully designed to enhance your bed and provide peaceful nights in a perfect balance of protection and refinement.<\/p>\n","protected":false},"featured_media":0,"comment_status":"open","ping_status":"closed","template":"","meta":{"_acf_changed":false,"inline_featured_image":false},"product_brand":[],"product_cat":[6128],"product_tag":[7617],"class_list":{"0":"post-67630","1":"product","2":"type-product","3":"status-publish","5":"product_cat-uncategorized-en","6":"product_tag-mattress-cover","7":"matdauphin_collection-serenn","8":"matdauphin_material-organic-cotton","9":"matdauphin_other-fabrique-au-quebec-en","11":"first","12":"outofstock","13":"taxable","14":"shipping-taxable","15":"product-type-simple"},"acf":[],"yoast_head":"<!-- This site is optimized with the Yoast SEO plugin v25.9 - https:\/\/yoast.com\/wordpress\/plugins\/seo\/ -->\n<title>S\u00ebr\u00ebnn Mattress Protector - Matelas Dauphin<\/title>\n<meta name=\"description\" content=\"This S\u00ebr\u00ebnn Mattress Protector combines luxury and discreet protection to transform every night into a true moment of well-being.\" \/>\n<meta name=\"robots\" content=\"index, follow, max-snippet:-1, max-image-preview:large, max-video-preview:-1\" \/>\n<link rel=\"canonical\" href=\"https:\/\/matelasdauphin.com\/en\/produit\/serenn-mattress-protector\/\" \/>\n<meta property=\"og:locale\" content=\"en_US\" \/>\n<meta property=\"og:type\" content=\"article\" \/>\n<meta property=\"og:title\" content=\"S\u00ebr\u00ebnn Mattress Protector - Matelas Dauphin\" \/>\n<meta property=\"og:description\" content=\"This S\u00ebr\u00ebnn Mattress Protector combines luxury and discreet protection to transform every night into a true moment of well-being.\" \/>\n<meta property=\"og:url\" content=\"https:\/\/matelasdauphin.com\/en\/produit\/serenn-mattress-protector\/\" \/>\n<meta property=\"og:site_name\" content=\"Matelas Dauphin\" \/>\n<meta property=\"article:modified_time\" content=\"2026-03-11T12:12:12+00:00\" \/>\n<meta name=\"twitter:card\" content=\"summary_large_image\" \/>\n<meta name=\"twitter:label1\" content=\"Price\" \/>\n\t<meta name=\"twitter:data1\" content=\"\" \/>\n\t<meta name=\"twitter:label2\" content=\"Availability\" \/>\n\t<meta name=\"twitter:data2\" content=\"Out of stock\" \/>\n<script type=\"application\/ld+json\" class=\"yoast-schema-graph\">{\"@context\":\"https:\/\/schema.org\",\"@graph\":[{\"@type\":[\"WebPage\",\"ItemPage\"],\"@id\":\"https:\/\/matelasdauphin.com\/en\/produit\/serenn-mattress-protector\/\",\"url\":\"https:\/\/matelasdauphin.com\/en\/produit\/serenn-mattress-protector\/\",\"name\":\"S\u00ebr\u00ebnn Mattress Protector - Matelas Dauphin\",\"isPartOf\":{\"@id\":\"https:\/\/matelasdauphin.com\/en\/#website\"},\"datePublished\":\"2026-03-03T18:05:52+00:00\",\"dateModified\":\"2026-03-11T12:12:12+00:00\",\"description\":\"This S\u00ebr\u00ebnn Mattress Protector combines luxury and discreet protection to transform every night into a true moment of well-being.\",\"breadcrumb\":{\"@id\":\"https:\/\/matelasdauphin.com\/en\/produit\/serenn-mattress-protector\/#breadcrumb\"},\"inLanguage\":\"en-CA\",\"potentialAction\":[{\"@type\":\"ReadAction\",\"target\":[\"https:\/\/matelasdauphin.com\/en\/produit\/serenn-mattress-protector\/\"]}]},{\"@type\":\"BreadcrumbList\",\"@id\":\"https:\/\/matelasdauphin.com\/en\/produit\/serenn-mattress-protector\/#breadcrumb\",\"itemListElement\":[{\"@type\":\"ListItem\",\"position\":1,\"name\":\"Home\",\"item\":\"https:\/\/matelasdauphin.com\/en\/\"},{\"@type\":\"ListItem\",\"position\":2,\"name\":\"Shop\",\"item\":\"https:\/\/matelasdauphin.com\/en\/shop\/\"},{\"@type\":\"ListItem\",\"position\":3,\"name\":\"S\u00ebr\u00ebnn Mattress Protector\"}]},{\"@type\":\"WebSite\",\"@id\":\"https:\/\/matelasdauphin.com\/en\/#website\",\"url\":\"https:\/\/matelasdauphin.com\/en\/\",\"name\":\"Matelas Dauphin\",\"description\":\"La Force du fabricant\",\"potentialAction\":[{\"@type\":\"SearchAction\",\"target\":{\"@type\":\"EntryPoint\",\"urlTemplate\":\"https:\/\/matelasdauphin.com\/en\/?s={search_term_string}\"},\"query-input\":{\"@type\":\"PropertyValueSpecification\",\"valueRequired\":true,\"valueName\":\"search_term_string\"}}],\"inLanguage\":\"en-CA\"}]}<\/script>\n<meta property=\"product:price:currency\" content=\"CAD\" \/>\n<meta property=\"og:availability\" content=\"out of stock\" \/>\n<meta property=\"product:availability\" content=\"out of stock\" \/>\n<meta property=\"product:condition\" content=\"new\" \/>\n<!-- \/ Yoast SEO plugin. -->","yoast_head_json":{"title":"S\u00ebr\u00ebnn Mattress Protector - Matelas Dauphin","description":"This S\u00ebr\u00ebnn Mattress Protector combines luxury and discreet protection to transform every night into a true moment of well-being.","robots":{"index":"index","follow":"follow","max-snippet":"max-snippet:-1","max-image-preview":"max-image-preview:large","max-video-preview":"max-video-preview:-1"},"canonical":"https:\/\/matelasdauphin.com\/en\/produit\/serenn-mattress-protector\/","og_locale":"en_US","og_type":"article","og_title":"S\u00ebr\u00ebnn Mattress Protector - Matelas Dauphin","og_description":"This S\u00ebr\u00ebnn Mattress Protector combines luxury and discreet protection to transform every night into a true moment of well-being.","og_url":"https:\/\/matelasdauphin.com\/en\/produit\/serenn-mattress-protector\/","og_site_name":"Matelas Dauphin","article_modified_time":"2026-03-11T12:12:12+00:00","twitter_card":"summary_large_image","twitter_misc":{"Price":"","Availability":"Out of stock"},"schema":{"@context":"https:\/\/schema.org","@graph":[{"@type":["WebPage","ItemPage"],"@id":"https:\/\/matelasdauphin.com\/en\/produit\/serenn-mattress-protector\/","url":"https:\/\/matelasdauphin.com\/en\/produit\/serenn-mattress-protector\/","name":"S\u00ebr\u00ebnn Mattress Protector - Matelas Dauphin","isPartOf":{"@id":"https:\/\/matelasdauphin.com\/en\/#website"},"datePublished":"2026-03-03T18:05:52+00:00","dateModified":"2026-03-11T12:12:12+00:00","description":"This S\u00ebr\u00ebnn Mattress Protector combines luxury and discreet protection to transform every night into a true moment of well-being.","breadcrumb":{"@id":"https:\/\/matelasdauphin.com\/en\/produit\/serenn-mattress-protector\/#breadcrumb"},"inLanguage":"en-CA","potentialAction":[{"@type":"ReadAction","target":["https:\/\/matelasdauphin.com\/en\/produit\/serenn-mattress-protector\/"]}]},{"@type":"BreadcrumbList","@id":"https:\/\/matelasdauphin.com\/en\/produit\/serenn-mattress-protector\/#breadcrumb","itemListElement":[{"@type":"ListItem","position":1,"name":"Home","item":"https:\/\/matelasdauphin.com\/en\/"},{"@type":"ListItem","position":2,"name":"Shop","item":"https:\/\/matelasdauphin.com\/en\/shop\/"},{"@type":"ListItem","position":3,"name":"S\u00ebr\u00ebnn Mattress Protector"}]},{"@type":"WebSite","@id":"https:\/\/matelasdauphin.com\/en\/#website","url":"https:\/\/matelasdauphin.com\/en\/","name":"Matelas Dauphin","description":"La Force du fabricant","potentialAction":[{"@type":"SearchAction","target":{"@type":"EntryPoint","urlTemplate":"https:\/\/matelasdauphin.com\/en\/?s={search_term_string}"},"query-input":{"@type":"PropertyValueSpecification","valueRequired":true,"valueName":"search_term_string"}}],"inLanguage":"en-CA"}]},"product_price_currency":"CAD","og_availability":"out of stock","product_availability":"out of stock","product_condition":"new"},"_links":{"self":[{"href":"https:\/\/matelasdauphin.com\/en\/wp-json\/wp\/v2\/product\/67630","targetHints":{"allow":["GET"]}}],"collection":[{"href":"https:\/\/matelasdauphin.com\/en\/wp-json\/wp\/v2\/product"}],"about":[{"href":"https:\/\/matelasdauphin.com\/en\/wp-json\/wp\/v2\/types\/product"}],"replies":[{"embeddable":true,"href":"https:\/\/matelasdauphin.com\/en\/wp-json\/wp\/v2\/comments?post=67630"}],"wp:attachment":[{"href":"https:\/\/matelasdauphin.com\/en\/wp-json\/wp\/v2\/media?parent=67630"}],"wp:term":[{"taxonomy":"product_brand","embeddable":true,"href":"https:\/\/matelasdauphin.com\/en\/wp-json\/wp\/v2\/product_brand?post=67630"},{"taxonomy":"product_cat","embeddable":true,"href":"https:\/\/matelasdauphin.com\/en\/wp-json\/wp\/v2\/product_cat?post=67630"},{"taxonomy":"product_tag","embeddable":true,"href":"https:\/\/matelasdauphin.com\/en\/wp-json\/wp\/v2\/product_tag?post=67630"}],"curies":[{"name":"wp","href":"https:\/\/api.w.org\/{rel}","templated":true}]}}